{"id":4277,"date":"2022-07-26T15:20:21","date_gmt":"2022-07-26T15:20:21","guid":{"rendered":"https:\/\/ciesm.org\/marine\/programs\/seabirds\/?page_id=4277"},"modified":"2025-01-30T10:51:38","modified_gmt":"2025-01-30T10:51:38","slug":"dasyatis-pastinaca","status":"publish","type":"page","link":"https:\/\/ciesm.org\/marine\/programs\/skatesandrays\/dasyatis-pastinaca\/","title":{"rendered":"Dasyatis pastinaca"},"content":{"rendered":"\n<div style=\"height:31px\" aria-hidden=\"true\" class=\"wp-block-spacer\"><\/div>\n\n\n\n<div class=\"wp-container-1 wp-block-group alignfull has-tertiary-background-color has-background\"><div class=\"wp-block-group__inner-container\">\n<div class=\"wp-block-jetpack-layout-grid alignfull column1-desktop-grid__span-8 column1-desktop-grid__start-3 column1-desktop-grid__row-1 column1-tablet-grid__span-8 column1-tablet-grid__row-1 column1-mobile-grid__span-4 column1-mobile-grid__row-1\">\n<div class=\"wp-block-jetpack-layout-grid-column wp-block-jetpack-layout-grid__padding-none is-vertically-aligned-center\">\n<div class=\"wp-block-columns\">\n<div class=\"wp-block-column is-vertically-aligned-top\">\n<p class=\"has-text-align-center has-background-color has-primary-background-color has-text-color has-background has-huge-font-size\"><em><em><em><em><em>Dasyatis pastinaca<\/em><\/em><\/em><\/em><\/em><\/p>\n\n\n\n<p><strong>Common name:<\/strong> Common stingray  <br><strong>Order:<\/strong> Myliobatiformes  <br><strong>Family:<\/strong> Dasyatidae   <br><strong>Synonyme: <\/strong><em>Trygon pastinaca<\/em><br><strong>Misidentifications: <\/strong><em><a rel=\"noreferrer noopener\" href=\"https:\/\/ciesm.org\/marine\/programs\/skatesandrays\/dasyatis-tortonesei\/\" target=\"_blank\">Dasyatis tortonesei<\/a><\/em> and <em><a rel=\"noreferrer noopener\" href=\"https:\/\/ciesm.org\/marine\/programs\/skatesandrays\/dasyatis-marmorata\/\" target=\"_blank\">Dasyatis marmorata<\/a><\/em><\/p>\n<\/div>\n\n\n\n<div class=\"wp-block-column is-vertically-aligned-center\"><div id=\"metaslider-id-4279\" style=\"width: 100%;\" class=\"ml-slider-3-27-6 metaslider metaslider-flex metaslider-4279 ml-slider\">\n    <div id=\"metaslider_container_4279\">\n        <div id=\"metaslider_4279\">\n            <ul aria-live=\"polite\" class=\"slides\">\n                <li style=\"display: block; width: 100%;\" class=\"slide-4283 ms-image\"><img src=\"https:\/\/ciesm.org\/marine\/programs\/skatesandrays\/wp-content\/uploads\/2022\/07\/dpastinaca_christaklis-700x500.jpg\" height=\"500\" width=\"700\" alt=\"\" class=\"slider-4279 slide-4283\" title=\"dpastinaca_christaklis\" \/><div class=\"caption-wrap\"><div class=\"caption\">photo credit: Chris Taklis<\/div><\/div><\/li>\n                <li style=\"display: none; width: 100%;\" class=\"slide-4284 ms-image\"><img src=\"https:\/\/ciesm.org\/marine\/programs\/skatesandrays\/wp-content\/uploads\/2022\/07\/dpastinaca_karinelerissel-653x467.png\" height=\"500\" width=\"700\" alt=\"\" class=\"slider-4279 slide-4284\" title=\"dpastinaca_karinelerissel\" \/><div class=\"caption-wrap\"><div class=\"caption\">photo credit: Karine Lerissel<\/div><\/div><\/li>\n                <li style=\"display: none; width: 100%;\" class=\"slide-4285 ms-image\"><img src=\"https:\/\/ciesm.org\/marine\/programs\/skatesandrays\/wp-content\/uploads\/2022\/07\/dpastinaca_robertopillon-417x298.jpg\" height=\"500\" width=\"700\" alt=\"\" class=\"slider-4279 slide-4285\" title=\"dpastinaca_robertopillon\" \/><div class=\"caption-wrap\"><div class=\"caption\">photo credit: Roberto Pillon<\/div><\/div><\/li>\n            <\/ul>\n        <\/div>\n        \n    <\/div>\n<\/div>\n<\/div>\n<\/div>\n<\/div>\n<\/div>\n<\/div><\/div>\n\n\n\n<div style=\"height:41px\" aria-hidden=\"true\" class=\"wp-block-spacer\"><\/div>\n\n\n\n<div class=\"wp-block-jetpack-layout-grid alignfull column1-desktop-grid__span-4 column1-desktop-grid__start-3 column1-desktop-grid__row-1 column2-desktop-grid__span-4 column2-desktop-grid__start-7 column2-desktop-grid__row-1 column1-tablet-grid__span-4 column1-tablet-grid__row-1 column2-tablet-grid__span-4 column2-tablet-grid__start-5 column2-tablet-grid__row-1 column1-mobile-grid__span-4 column1-mobile-grid__row-1 column2-mobile-grid__span-4 column2-mobile-grid__row-2\">\n<div class=\"wp-block-jetpack-layout-grid-column wp-block-jetpack-layout-grid__padding-none\">\n<p class=\"has-text-align-center has-primary-background-color has-background has-large-font-size\"><strong>Short description<\/strong><\/p>\n\n\n\n<p>Small to medium sized species with a head flatter than body and prominent elongated snout. Rhomboidal disc, more or less sinuous margins, with a short membranous fold on the lower part. Long dorsal \u2018keel\u2019 under the dart. Teeth uniformly smooth. Spiracle length fits less than 1.2 times of prenarial length. Barbed poison spine is a modified denticle that can be 35 cm long, shed occasionally and replaced. Large bucklers only along the midline. The anterior extremity of the basibranchial is perforate.<br><br><strong>Color: <\/strong>White ventral surface, with a large greyish-brown to blackish margin. Dorsal view is uniformly greyish green to brownish, varying to grey. Yellow coloration around eyes and orbits.<br><br><strong>Measurements:<\/strong> <\/p>\n\n\n\n<ul><li><strong>Disk width <\/strong>(DW): 45 cm (max: 150 cm)<\/li><li><strong>Total length<\/strong> (TL): up to 250 cm<\/li><li><strong>Weight<\/strong>: up to 10.2 kg<\/li><\/ul>\n\n\n\n<p><strong>Swimming pattern: <\/strong>Undulatory locomotion.<\/p>\n\n\n\n<figure class=\"wp-block-video\"><video controls src=\"https:\/\/ciesm.org\/marine\/programs\/skatesandrays\/wp-content\/uploads\/2022\/10\/dpastinaca_ChrisTaklis.mp4\"><\/video><figcaption>video credit: Chris Taklis<\/figcaption><\/figure>\n\n\n\n<div style=\"height:10px\" aria-hidden=\"true\" class=\"wp-block-spacer\"><\/div>\n\n\n\n<p class=\"has-text-align-center has-primary-background-color has-background has-large-font-size\"><strong>Biology \/ Ecology<\/strong><\/p>\n\n\n\n<p id=\"block-caf50a6c-6585-4a9d-972f-8036f1810e92\">Feeds on bottom fishes, crustaceans and mollusks.<\/p>\n\n\n\n<p id=\"block-caf50a6c-6585-4a9d-972f-8036f1810e92\"><strong>Reproduction: <\/strong>Viviparous (aplacental viviparity with histotrophy). 4-7 juveniles per litter produced twice per year. Size at birth (DW): 12 cm. Maturity size (DW): 38-41 cm female, 30-32 cm male.<br><br><strong>Habitat: <\/strong>Coastal benthic species in temperate water over sandy and muddy bottoms, sometimes near rocky reefs from shallow waters to 200 m of depth. Penetrates coastal lagoons, shallow bays and estuaries.<\/p>\n\n\n\n<div class=\"wp-block-jetpack-layout-grid column1-desktop-grid__span-11 column1-desktop-grid__row-1 column1-tablet-grid__span-8 column1-tablet-grid__row-1 column1-mobile-grid__span-4 column1-mobile-grid__row-1\">\n<div class=\"wp-block-jetpack-layout-grid-column wp-block-jetpack-layout-grid__padding-none\">\n<p class=\"has-text-align-center has-foreground-color has-tertiary-background-color has-text-color has-background\" style=\"font-size:18px\">Unlike <em><a href=\"https:\/\/ciesm.org\/marine\/programs\/skatesandrays\/dasyatis-tortonesei\/\" data-type=\"page\" data-id=\"4252\">D. tortonesei<\/a>, D. pastinaca <\/em>has smooth tooth crowns.<\/p>\n<\/div>\n<\/div>\n<\/div>\n\n\n\n<div class=\"wp-block-jetpack-layout-grid-column wp-block-jetpack-layout-grid__padding-none\">\n<p class=\"has-text-align-center has-primary-background-color has-background has-large-font-size\"><strong>Distinguishing characteristics<\/strong><\/p>\n\n\n\n<ul><li>Obtuse and short snout.<\/li><li>Brown, olive or grey dorsal surface.<\/li><li>Dart in the base of the tail.<\/li><li>Large bucklers only along the midline.<\/li><li>Yellowish colour around prominent orbits.<\/li><li>Tooth crowns are smooth.<\/li><\/ul>\n\n\n\n<p><strong>Myliobatiformes: <\/strong>No caudal and anal fin. Thin tail like a whip.<\/p>\n\n\n\n<p><strong>Dasyatidae:<\/strong> Batoids with depressed bodies.<\/p>\n\n\n\n<div style=\"height:10px\" aria-hidden=\"true\" class=\"wp-block-spacer\"><\/div>\n\n\n\n<p class=\"has-text-align-center has-primary-background-color has-background has-large-font-size\"><strong>Distribution<\/strong><\/p>\n\n\n\n<p id=\"block-7c753903-038c-44d5-aff6-969ae6648293\"><strong>Worldwide<\/strong>: From the Northeastern of the French to Mauritania. Present in the Black Sea.<\/p>\n\n\n\n<p id=\"block-9d84759b-671d-4c76-b4e6-4c202ee3961d\"><strong>Mediterranean<\/strong>: Whole Mediterranean.<\/p>\n\n\n\n<ul><li><strong>Occurrence:<\/strong> Occasional but abundant in the central Mediterranean.<\/li><li><strong>Latest records:<\/strong> Scilla Bay  &#8211; Italy (2023), Malta (2023), Cyprus (2018-2022), Central-North Aegean Sea (2019), Valencia coast &#8211; Spain (2017), Balearic Sea (2012-2015), Northern Ligurian and central Tyrrhenian Seas &#8211; Italy (2012-2015), Spain (2012-2015), Gulf of Gabes &#8211; Tunisia (2014), Rumelifeneri and Igmeada &#8211; Turkey (2014), Inceburun region &#8211; Turkey (2014), Marmara Sea (2013), Mersin bay &#8211; Turkey (2013), Corsica (2012), Iskenderun bay &#8211; Turkey (2011), Algeria (2010), Northern Turkey (2010), Gulf of Antalya, Izmir, Edremit &amp; Sigacik bay &#8211; Turkey (2007-2009), Southern Tunisia (2009), Adriatic Sea (2008), Greece (2008), Saros bay &#8211; Turkey (2006),\u00a0Alboran Sea (2004), Malta (2003), Syria (2001), Strait of Sicily (1991).<\/li><\/ul>\n\n\n\n<figure class=\"wp-block-image size-large\"><img src=\"https:\/\/ciesm.org\/marine\/programs\/skatesandrays\/wp-content\/uploads\/2022\/09\/Dasyatis_pastinaca_4.png\" alt=\"\"\/><\/figure>\n\n\n\n<div class=\"wp-block-jetpack-layout-grid column1-desktop-grid__span-10 column1-desktop-grid__start-2 column1-desktop-grid__row-1 column1-tablet-grid__span-8 column1-tablet-grid__row-1 column1-mobile-grid__span-4 column1-mobile-grid__row-1\">\n<div class=\"wp-block-jetpack-layout-grid-column wp-block-jetpack-layout-grid__padding-none\">\n<p class=\"has-text-align-center has-foreground-color has-secondary-background-color has-text-color has-background\">Any recent observation not on the map?<br><a href=\"mailto: lmendez@ciesm.org\">Contact us<\/a>!<\/p>\n\n\n\n<div style=\"height:10px\" aria-hidden=\"true\" class=\"wp-block-spacer\"><\/div>\n<\/div>\n<\/div>\n\n\n\n<p class=\"has-text-align-center has-primary-background-color has-background has-large-font-size\"><strong>Conservation<\/strong><\/p>\n\n\n\n<p id=\"block-ca6ef4b1-4ee6-45e6-85da-9ca8e126a46f\"><strong>Threats<\/strong>: Caught as bycatch by bottom trawlers and gillnet fisheries. Usually discarded. Wings are marketed smoked, dried-salted, and also used for fishmeal and oil.<br><br><strong>Protection level<\/strong>:<\/p>\n\n\n\n<ul><li><strong>Europe:<\/strong> Vulnerable (IUCN 2015, last assessment: 2014)<\/li><li><strong>Mediterranean:<\/strong> Vulnerable (IUCN 2016, last assessment: 2016)<\/li><li><strong>Global:<\/strong> Vulnerable (IUCN 2021, last assessment: 2020)<\/li><\/ul>\n\n\n\n<p id=\"block-7c753903-038c-44d5-aff6-969ae6648293\"><br><\/p>\n<\/div>\n<\/div>\n\n\n\n<div style=\"height:43px\" aria-hidden=\"true\" class=\"wp-block-spacer\"><\/div>\n\n\n\n<div class=\"wp-container-2 wp-block-group alignfull has-tertiary-background-color has-background\"><div class=\"wp-block-group__inner-container\">\n<div class=\"wp-block-jetpack-layout-grid alignfull column1-desktop-grid__span-10 column1-desktop-grid__start-2 column1-desktop-grid__row-1 column1-tablet-grid__span-8 column1-tablet-grid__row-1 column1-mobile-grid__span-4 column1-mobile-grid__row-1\">\n<div class=\"wp-block-jetpack-layout-grid-column wp-block-jetpack-layout-grid__padding-none\">\n<p><strong>Key references<\/strong><\/p>\n\n\n\n<ul style=\"font-size:14px\"><li>Agius A., Borg J. A., Schembri P. J. 2024. Batoid fishes associating with tuna farms in Malta. Rapp. Comm. int. Mer M\u00e9dit. 43: 273.<\/li><li>Carpentieri P., Nastasi A., Sessa M., Srour A. 2021. Incidental catch of vulnerable species in Mediterranean and Black Sea fisheries \u2013 A review. General Fisheries Commission for the Mediterranean.\u00a0<em>Studies and Reviews<\/em>\u00a0101: I-317.<\/li><li>Ferretti F., Myers R.A., Sartor P., Serena F. 2005. Long term dynamics of the chondrichthyan fish community in the upper Tyrrhenian Sea. <em>ICES CM<\/em> <em>25:<\/em> 1-34.<\/li><li>Ferretti F., Osio G.C., Jenkins C.J., Rosenberg A.A., Lotze H.K. 2013. Long-term change in a meso-predator community in response to prolonged and heterogeneous human impact. <em>Scientific reports<\/em> <em>3<\/em>(1): 1-11.<\/li><li>Follesa M. C., Marongiu M. F., Zupa W., Bellodi A., Cau A., Cannas R., Colloca F., Djurovic M., Isajlovic I., Jadaud A., Manfredi C., Mulas A., Peristeraki P., Porcu C., Ramirez-Amaro S., Salmer\u00f3n Jim\u00e9nez F., Serena F., Sion L., Thasitis I., Cau A., Carbonara P. 2019. Spatial variability of Chondrichthyes in the northern Mediterranean. <em>Scientia Marina <\/em>83(S1): 81-100.<\/li><li>Giovos I., Serena F., Katsada D., Anastasiadis A., Barash A., Charilaou C., Hall-Spencer J.M.,Crocetta F.,Kaminas A., Kletou D, Maximiadi M., Minasidis V., Moutopoulos D.K., Aga-Spyridopoulou R.N., Thasitis I., Kleitou P. 2021. Integrating literature, biodiversity databases, and citizen-science to reconstruct the checklist of Chondrichthyans in Cyprus (Eastern Mediterranean Sea). <em>Fishes<\/em> 6(3): 24.<\/li><li>Grancagnolo D., Cattano C., Quattrochi F., Milazzo M. 2023. Preliminary evidence of a potential reproductive aggregation area of the common stingray <em>Dasyatis pastinaca<\/em> (Linnaeus, 1758)(Chondrichthyes\u2013Dasyatidae) in the Central Mediterranean Sea.\u00a0<em>Mediterranean Marine Science<\/em>\u00a0<em>24<\/em>(3): 639-643.<\/li><li>O\u2019Keefe M., Bengil EG., Palmer JL, Beton D, \u00c7a\u011flar \u00c7., Godley B.J, \u00d6zkan M., Snape R.T.E., Broderick A.C. 2023. Diversity and distribution of elasmobranchs in the coastal waters of Cyprus: using bycatch data to inform management and conservation.\u00a0<em>Front. Mar. Sci.<\/em> 10: 1181437.<\/li><li>Ordines F., Massut\u00ed E., Moranta J., Quetglas A., Guijarro B., Fliti K. 2011. Balearic Islands vs Algeria: two nearby western Mediterranean elasmobranch assemblages with different oceanographic scenarios and fishing histories. <em>Scientia Marina<\/em> 75(4): 707-717.<\/li><li>Ram\u00edrez-Amaro S., Ordines F., Esteban A., Garc\u00eda C., Guijarro B., Salmer\u00f3n F., Terrasa B., Massut\u00ed E. 2020. The diversity of recent trends for chondrichthyans in the Mediterranean reflects fishing exploitation and a potential evolutionary pressure towards early maturation. <em>Scientific Reports<\/em> 10(1): 1-18.<\/li><li>Saadaoui A., Saidi B., Elglid A., Seret B., Bradai M. 2016. Taxonomic observations on stingrays of the genus Dasyatis (Chondrichthyes: Dasyatidae) in the Gulf of Gab\u00e8s (southeastern Mediterranean Sea). <em>Zootaxa<\/em> <em>4173<\/em>(2): 101-113.<\/li><li>Schembri T., Fergusson I.K., Schembri P.J. 2003. Revision of the records of sharks and rays species from the Maltese Islands (Chordata: Chondrichthyes). <em>The Central Mediterranean Naturalist de Oceanolog\u00eda Academia de Ciencias de Cuba and Centro de Investigaciones de Quintana Roo, Mexico<\/em>. 4(1): 71\u2013104.<\/li><li>Vella N., Vella A. 2021. Characterization and comparison of the complete mitochondrial genomes of two stingrays,<em> Dasyatis pastinaca<\/em> and <em>Dasyatis tortonesei <\/em>(Myliobatiformes: Dasyatidae) from the Mediterranean Sea. <em>Molecular Biology Reports 48<\/em>(1): 219-226.<\/li><\/ul>\n<\/div>\n<\/div>\n<\/div><\/div>\n","protected":false},"excerpt":{"rendered":"<p>Dasyatis pastinaca Common name: Common stingray Order: Myliobatiformes Family: Dasyatidae Synonyme: Trygon pastinacaMisidentifications: Dasyatis tortonesei and Dasyatis marmorata Short description Small to medium sized species with a head flatter than body and prominent elongated snout. Rhomboidal disc, more or less sinuous margins, with a short membranous fold on the lower part. Long dorsal \u2018keel\u2019 under<a class=\"more-link\" href=\"https:\/\/ciesm.org\/marine\/programs\/skatesandrays\/dasyatis-pastinaca\/\">Lire la suite <span class=\"screen-reader-text\">\u00ab\u00a0Dasyatis pastinaca\u00a0\u00bb<\/span><\/a><\/p>\n","protected":false},"author":1,"featured_media":0,"parent":0,"menu_order":0,"comment_status":"closed","ping_status":"closed","template":"","meta":[],"_links":{"self":[{"href":"https:\/\/ciesm.org\/marine\/programs\/skatesandrays\/wp-json\/wp\/v2\/pages\/4277"}],"collection":[{"href":"https:\/\/ciesm.org\/marine\/programs\/skatesandrays\/wp-json\/wp\/v2\/pages"}],"about":[{"href":"https:\/\/ciesm.org\/marine\/programs\/skatesandrays\/wp-json\/wp\/v2\/types\/page"}],"author":[{"embeddable":true,"href":"https:\/\/ciesm.org\/marine\/programs\/skatesandrays\/wp-json\/wp\/v2\/users\/1"}],"replies":[{"embeddable":true,"href":"https:\/\/ciesm.org\/marine\/programs\/skatesandrays\/wp-json\/wp\/v2\/comments?post=4277"}],"version-history":[{"count":25,"href":"https:\/\/ciesm.org\/marine\/programs\/skatesandrays\/wp-json\/wp\/v2\/pages\/4277\/revisions"}],"predecessor-version":[{"id":6775,"href":"https:\/\/ciesm.org\/marine\/programs\/skatesandrays\/wp-json\/wp\/v2\/pages\/4277\/revisions\/6775"}],"wp:attachment":[{"href":"https:\/\/ciesm.org\/marine\/programs\/skatesandrays\/wp-json\/wp\/v2\/media?parent=4277"}],"curies":[{"name":"wp","href":"https:\/\/api.w.org\/{rel}","templated":true}]}}