{"id":4400,"date":"2022-08-03T15:15:09","date_gmt":"2022-08-03T15:15:09","guid":{"rendered":"https:\/\/ciesm.org\/marine\/programs\/seabirds\/?page_id=4400"},"modified":"2022-10-13T14:25:18","modified_gmt":"2022-10-13T14:25:18","slug":"raja-miraletus","status":"publish","type":"page","link":"https:\/\/ciesm.org\/marine\/programs\/skatesandrays\/raja-miraletus\/","title":{"rendered":"Raja miraletus"},"content":{"rendered":"\n<div style=\"height:31px\" aria-hidden=\"true\" class=\"wp-block-spacer\"><\/div>\n\n\n\n<div class=\"wp-container-1 wp-block-group alignfull has-tertiary-background-color has-background\"><div class=\"wp-block-group__inner-container\">\n<div class=\"wp-block-jetpack-layout-grid alignfull column1-desktop-grid__span-8 column1-desktop-grid__start-3 column1-desktop-grid__row-1 column1-tablet-grid__span-8 column1-tablet-grid__row-1 column1-mobile-grid__span-4 column1-mobile-grid__row-1\">\n<div class=\"wp-block-jetpack-layout-grid-column wp-block-jetpack-layout-grid__padding-none is-vertically-aligned-center\">\n<div class=\"wp-block-columns\">\n<div class=\"wp-block-column is-vertically-aligned-top\">\n<p class=\"has-text-align-center has-background-color has-primary-background-color has-text-color has-background has-huge-font-size\"><em><em><em><em><em><em><em>Raja miraletus<\/em><\/em><\/em><\/em><\/em><\/em><\/em><\/p>\n\n\n\n<p><strong>Common name :<\/strong> Brown Skate <br><strong>Order:<\/strong> Rajiformes  <br><strong>Family:<\/strong> Rajidae  <br><strong>Synonyms: <\/strong>None  <br><strong>Misidentifications: <\/strong>None<\/p>\n<\/div>\n\n\n\n<div class=\"wp-block-column is-vertically-aligned-center\"><div id=\"metaslider-id-4403\" style=\"width: 100%;\" class=\"ml-slider-3-27-6 metaslider metaslider-flex metaslider-4403 ml-slider\">\n    <div id=\"metaslider_container_4403\">\n        <div id=\"metaslider_4403\">\n            <ul aria-live=\"polite\" class=\"slides\">\n                <li style=\"display: block; width: 100%;\" class=\"slide-4405 ms-image\"><img src=\"https:\/\/ciesm.org\/marine\/programs\/skatesandrays\/wp-content\/uploads\/2022\/08\/rmiraletus_BorutFurlan-597x427.jpg\" height=\"500\" width=\"700\" alt=\"\" class=\"slider-4403 slide-4405\" title=\"rmiraletus_BorutFurlan\" \/><div class=\"caption-wrap\"><div class=\"caption\">photo credit: Borut Furlan<\/div><\/div><\/li>\n                <li style=\"display: none; width: 100%;\" class=\"slide-4408 ms-image\"><img src=\"https:\/\/ciesm.org\/marine\/programs\/skatesandrays\/wp-content\/uploads\/2022\/08\/rmiraletus_FalleniAlessandro-557x398.png\" height=\"500\" width=\"700\" alt=\"\" class=\"slider-4403 slide-4408\" title=\"rmiraletus_FalleniAlessandro\" \/><div class=\"caption-wrap\"><div class=\"caption\">photo credit: Alessandro Falleni<\/div><\/div><\/li>\n                <li style=\"display: none; width: 100%;\" class=\"slide-4409 ms-image\"><img src=\"https:\/\/ciesm.org\/marine\/programs\/skatesandrays\/wp-content\/uploads\/2022\/08\/rmiraletus_TicinaVjeloslav-640x457.jpg\" height=\"500\" width=\"700\" alt=\"\" class=\"slider-4403 slide-4409\" title=\"rmiraletus_TicinaVjeloslav\" \/><div class=\"caption-wrap\"><div class=\"caption\">photo credit: Ticina Vjeloslav<\/div><\/div><\/li>\n            <\/ul>\n        <\/div>\n        \n    <\/div>\n<\/div>\n<\/div>\n<\/div>\n<\/div>\n<\/div>\n<\/div><\/div>\n\n\n\n<div style=\"height:41px\" aria-hidden=\"true\" class=\"wp-block-spacer\"><\/div>\n\n\n\n<div class=\"wp-block-jetpack-layout-grid alignfull column1-desktop-grid__span-4 column1-desktop-grid__start-3 column1-desktop-grid__row-1 column2-desktop-grid__span-4 column2-desktop-grid__start-7 column2-desktop-grid__row-1 column1-tablet-grid__span-4 column1-tablet-grid__row-1 column2-tablet-grid__span-4 column2-tablet-grid__start-5 column2-tablet-grid__row-1 column1-mobile-grid__span-4 column1-mobile-grid__row-1 column2-mobile-grid__span-4 column2-mobile-grid__row-2\">\n<div class=\"wp-block-jetpack-layout-grid-column wp-block-jetpack-layout-grid__padding-none\">\n<p class=\"has-text-align-center has-primary-background-color has-background has-large-font-size\"><strong>Short description<\/strong><\/p>\n\n\n\n<p>Small skate. Angular disc with a circular body with pectoral fins wider than long and an edge forming a sinuous curve. Snout short with rounded tip. Pectoral fins with clear angles on the lateral side. Triangular pelvic fins. Upper surface prickly only in young, nearly smooth in adults, underside smooth.<br><br><strong>Color: <\/strong>Upper surface ochre to reddish-brown with scattered dark spots, underside white. Two bright blue eyespots centred on the pectoral fins. Eyespots are surrounded by a black ring, itself surrounded by a yellow-orange ring. Sometimes a small dark spot on the snout tip.<\/p>\n\n\n\n<p><strong>Measurements:<\/strong><\/p>\n\n\n\n<ul><li><strong>Total length<\/strong>&nbsp;(TL): 35 cm (max 70 cm)<\/li><\/ul>\n\n\n\n<p><strong>Swimming pattern: <\/strong>Undulatory and pelvic fin locomotion (walking and punting).<\/p>\n\n\n\n<div style=\"height:10px\" aria-hidden=\"true\" class=\"wp-block-spacer\"><\/div>\n\n\n\n<p class=\"has-text-align-center has-primary-background-color has-background has-large-font-size\"><strong>Egg case<\/strong><\/p>\n\n\n\n<div class=\"wp-block-columns\">\n<div class=\"wp-block-column\" style=\"flex-basis:66.66%\">\n<p>Very small egg with a surface densely covered in fibres, where there are fine striations and a texture smooth to the touch. Rectangular in shape, with pointed horns at the corners deposited in sandy or muddy flats. Characterised by a lower number of lamellae. Short and thin posterior horns, while anteriors are thinner and slightly longer. Lateral keels totally absent. Adhesion fibres attached to the horns. Rounded and short posterior apron. Straight anterior apron, three times the length of the anterior.<\/p>\n\n\n\n<p><strong>Fresh color:<\/strong> from brown to amber.<\/p>\n\n\n\n<p><strong>Size:<\/strong> 4.2-5.2 cm length, 2.7-2.9 cm wide.<\/p>\n<\/div>\n\n\n\n<div class=\"wp-block-column\" style=\"flex-basis:33.33%\">\n<div class=\"wp-block-image\"><figure class=\"alignleft size-large is-resized\"><img loading=\"lazy\" src=\"https:\/\/ciesm.org\/marine\/programs\/skatesandrays\/wp-content\/uploads\/2022\/09\/Raja_miraletus_Egg.png\" alt=\"\" width=\"158\" height=\"401\"\/><\/figure><\/div>\n<\/div>\n<\/div>\n\n\n\n<p><strong>Distinctive features:<\/strong><\/p>\n\n\n\n<ul><li>Short anterior and posterior horns of the egg-case.<\/li><li>Well developed anterior apron.<\/li><li>Not evident lateral keel.<\/li><\/ul>\n\n\n\n<p><span style=\"text-decoration: underline;\">Raja:<\/span> Long posterior horns. Anterior horns length less than twice the posterior.<\/p>\n\n\n\n<p><span style=\"text-decoration: underline;\">Rajiformes \/&nbsp;Rajidae:<\/span>&nbsp;Rectangular egg-case, width no greater than twice the capsule length.<\/p>\n\n\n\n<p class=\"has-text-align-center has-primary-background-color has-background has-large-font-size\"><strong>Biology \/ Ecology<\/strong><\/p>\n\n\n\n<p id=\"block-caf50a6c-6585-4a9d-972f-8036f1810e92\">Feeds on all kinds of benthic animals.<\/p>\n\n\n\n<p id=\"block-caf50a6c-6585-4a9d-972f-8036f1810e92\"><strong>Reproduction: <\/strong>Oviparous. Size at maturity: 39-44 cm females (TL), 36-40 cm males (TL) and 24 cm disk width (DW) for female, 22 cm (DW) for male. Embryonic development until hatching takes about 5 months. Size at birth (TL): 5-11 cm. Eggs per year: 40-72. Egg laid from spring to summer.<\/p>\n\n\n\n<p id=\"block-caf50a6c-6585-4a9d-972f-8036f1810e92\"><strong>Habitat: <\/strong>Preference for sandy bottoms. Occurs also on <em>Posidonia<\/em> seagrass beds, on continental shelf and on the upper slope. Found from 10 to 556 m of depth. Possibly occurs down to 800m of depth.<\/p>\n\n\n\n<div class=\"wp-block-jetpack-layout-grid column1-desktop-grid__span-11 column1-desktop-grid__row-1 column1-tablet-grid__span-8 column1-tablet-grid__row-1 column1-mobile-grid__span-4 column1-mobile-grid__row-1\">\n<div class=\"wp-block-jetpack-layout-grid-column wp-block-jetpack-layout-grid__padding-none\">\n<p class=\"has-text-align-center has-foreground-color has-tertiary-background-color has-text-color has-background\" style=\"font-size:18px\">One of the most abundant rays in the Mediterranean Sea.<\/p>\n<\/div>\n<\/div>\n<\/div>\n\n\n\n<div class=\"wp-block-jetpack-layout-grid-column wp-block-jetpack-layout-grid__padding-none\">\n<p class=\"has-text-align-center has-primary-background-color has-background has-large-font-size\"><strong>Distinguishing characteristics<\/strong><\/p>\n\n\n\n<ul><li>Big circular and light blue occella on each pectoral fin.<\/li><\/ul>\n\n\n\n<p><strong><strong><strong>Rajiformes \/&nbsp;<strong>Rajidae<\/strong>:<\/strong><\/strong><\/strong> Depressed body. Circular to rhombic disc. Tail well demarcated from disc.<\/p>\n\n\n\n<div style=\"height:10px\" aria-hidden=\"true\" class=\"wp-block-spacer\"><\/div>\n\n\n\n<p class=\"has-text-align-center has-primary-background-color has-background has-large-font-size\"><strong>Distribution<\/strong><\/p>\n\n\n\n<p id=\"block-7c753903-038c-44d5-aff6-969ae6648293\"><strong>Worldwide<\/strong>: From Spain in the Southeastern Atlantic to Mozambique in the Southwestern Indian Ocean.<\/p>\n\n\n\n<p id=\"block-9d84759b-671d-4c76-b4e6-4c202ee3961d\"><strong>Mediterranean<\/strong>: <strong>&nbsp;<\/strong><\/p>\n\n\n\n<ul><li><strong>Occurrence: <\/strong>Abundant.<\/li><li><strong>Latest records:<\/strong> Gulf of Gabes &#8211; Tunisia (2017), Sardinia &#8211; Italy (2017), Portugal (1986-2017), Atlantic &#8211; Morocco (2015), Aegean Sea (2012-2015), Corsica (2012-2015), Cyprus (2012-2015), Gulf of Lion &#8211; France (2012-2015), Greece (2012-2015), Italy (2012-2015), Crete (2012-2015), Malta ( 2003), Northern Spain (2012-2015), Marmara Sea (2013), Lebanon (2012-2014), Iskenderun bay &#8211; Turkey (2010-2011), Edremit, Izmir,&nbsp; Saros and Sigacik bay &#8211; Turkey (2007-2009), Calabria &#8211; Italy (2007), Algeria (2003-2004), Malta (2003).<\/li><\/ul>\n\n\n\n<figure class=\"wp-block-image size-large\"><img src=\"https:\/\/ciesm.org\/marine\/programs\/skatesandrays\/wp-content\/uploads\/2022\/09\/Raja_miraletus_4.png\" alt=\"\"\/><\/figure>\n\n\n\n<div class=\"wp-block-jetpack-layout-grid column1-desktop-grid__span-10 column1-desktop-grid__start-2 column1-desktop-grid__row-1 column1-tablet-grid__span-8 column1-tablet-grid__row-1 column1-mobile-grid__span-4 column1-mobile-grid__row-1\">\n<div class=\"wp-block-jetpack-layout-grid-column wp-block-jetpack-layout-grid__padding-none\">\n<p class=\"has-text-align-center has-foreground-color has-secondary-background-color has-text-color has-background\">Any recent observation not on the map?<br><a href=\"mailto: lmendez@ciesm.org\">Contact us<\/a>!<\/p>\n\n\n\n<div style=\"height:10px\" aria-hidden=\"true\" class=\"wp-block-spacer\"><\/div>\n<\/div>\n<\/div>\n\n\n\n<p class=\"has-text-align-center has-primary-background-color has-background has-large-font-size\"><strong>Conservation<\/strong><\/p>\n\n\n\n<p id=\"block-ca6ef4b1-4ee6-45e6-85da-9ca8e126a46f\"><strong>Threats<\/strong>: <strong>&nbsp;<\/strong>Commonly taken as bycatch by bottom trawl fisheries. Most of the specimens are discarded, but the larger individuals are occasionally marketed, but with a low commercial value in several areas of the Mediterranean.<br><br><strong>Protection level<\/strong>:<\/p>\n\n\n\n<ul><li><strong>Mediterranean:<\/strong> Least Concern (IUCN 2020, last assessment: 2016)<\/li><li><strong>Global range:<\/strong> Least Concern (IUCN 2019, last assessment: 2019)<\/li><\/ul>\n\n\n\n<p id=\"block-7c753903-038c-44d5-aff6-969ae6648293\"><br><\/p>\n<\/div>\n<\/div>\n\n\n\n<div style=\"height:43px\" aria-hidden=\"true\" class=\"wp-block-spacer\"><\/div>\n\n\n\n<div class=\"wp-container-2 wp-block-group alignfull has-tertiary-background-color has-background\"><div class=\"wp-block-group__inner-container\">\n<div class=\"wp-block-jetpack-layout-grid alignfull column1-desktop-grid__span-10 column1-desktop-grid__start-2 column1-desktop-grid__row-1 column1-tablet-grid__span-8 column1-tablet-grid__row-1 column1-mobile-grid__span-4 column1-mobile-grid__row-1\">\n<div class=\"wp-block-jetpack-layout-grid-column wp-block-jetpack-layout-grid__padding-none\">\n<p><strong>Key references<\/strong><\/p>\n\n\n\n<ul style=\"font-size:14px\"><li>Cahide \u00c7.Y, \u0130\u015fmen A. 2021. Biological Aspects of the Brown Ray (<em>Raja miraletus <\/em>Linnaeus, 1758) in the Saros Bay, the Northern Aegean Sea. <em>\u00c7anakkale Onsekiz Mart University Journal of Marine Sciences and Fisheries<\/em> 4: 32\u201141.<\/li><li>Carpentieri P., Nastasi A., Sessa M., Srour A. 2021. Incidental catch of vulnerable species in Mediterranean and Black Sea fisheries \u2013 A review. General Fisheries Commission for the Mediterranean.&nbsp;<em>Studies and Reviews<\/em>&nbsp;101: I-317.<\/li><li>Ebert D.A., Compagno L.J.V., Cowley P.D. 2008. Aspects of the reproductive biology of skates (Chondrichthyes: Rajiformes: Rajoidei) from southern Africa. <em>ICES Journal of Marine Science<\/em> 65: 81\u2011102.<\/li><li>Follesa M. C., Marongiu M. F., Zupa W., Bellodi A., Cau A., Cannas R., Colloca F., Djurovic M., Isajlovic I., Jadaud A., Manfredi C., Mulas A., Peristeraki P., Porcu C., Ramirez-Amaro S., Salmer\u00f3n Jim\u00e9nez F., Serena F., Sion L., Thasitis I., Cau A., Carbonara P. 2019. Spatial variability of Chondrichthyes in the northern Mediterranean.&nbsp;<em>Scientia Marina&nbsp;<\/em>83(S1): 81-100.<\/li><li>Mancusi C., Massi D., Baino R., Cariani A., Crobe V., Ebert D.A., Ferrari, C, Gordon A., Hoff G.R., Iglesias S.P., Titone A., Serena F. 2021. An identification key for Chondrichthyes egg cases of the Mediterranean and Black Sea. <em>The European Zoological Journal<\/em> 88(1): 436-448<\/li><li>Marongiu M.F., Porcu C., Bellodi A., Cannas R., Cau A., Cuccu D., Mulas A., Follesa M.C. 2017. Temporal dynamics of demersal chondrichthyan species in the central western Mediterranean Sea: The case study in Sardinia Island. <em>Fisheries Research<\/em> 193: 81-94.<\/li><li>Porcu C., Marongiu M.F., Bellodi A., Cannas R., Cau A., Melis R., Mulas A., Soldovilla G., Vacca L., Follesa M.C. 2017. Morphological descriptions of the eggcases of skates (Rajidae) from the central-western Mediterranean, with notes on their distribution. <em>Helgoland Marine Research<\/em> 71(1): 1-14.<\/li><\/ul>\n<\/div>\n<\/div>\n<\/div><\/div>\n","protected":false},"excerpt":{"rendered":"<p>Raja miraletus Common name : Brown Skate Order: Rajiformes Family: Rajidae Synonyms: None Misidentifications: None Short description Small skate. Angular disc with a circular body with pectoral fins wider than long and an edge forming a sinuous curve. Snout short with rounded tip. Pectoral fins with clear angles on the lateral side. Triangular pelvic fins.<a class=\"more-link\" href=\"https:\/\/ciesm.org\/marine\/programs\/skatesandrays\/raja-miraletus\/\">Lire la suite <span class=\"screen-reader-text\">\u00ab\u00a0Raja miraletus\u00a0\u00bb<\/span><\/a><\/p>\n","protected":false},"author":1,"featured_media":0,"parent":0,"menu_order":0,"comment_status":"closed","ping_status":"closed","template":"","meta":[],"_links":{"self":[{"href":"https:\/\/ciesm.org\/marine\/programs\/skatesandrays\/wp-json\/wp\/v2\/pages\/4400"}],"collection":[{"href":"https:\/\/ciesm.org\/marine\/programs\/skatesandrays\/wp-json\/wp\/v2\/pages"}],"about":[{"href":"https:\/\/ciesm.org\/marine\/programs\/skatesandrays\/wp-json\/wp\/v2\/types\/page"}],"author":[{"embeddable":true,"href":"https:\/\/ciesm.org\/marine\/programs\/skatesandrays\/wp-json\/wp\/v2\/users\/1"}],"replies":[{"embeddable":true,"href":"https:\/\/ciesm.org\/marine\/programs\/skatesandrays\/wp-json\/wp\/v2\/comments?post=4400"}],"version-history":[{"count":33,"href":"https:\/\/ciesm.org\/marine\/programs\/skatesandrays\/wp-json\/wp\/v2\/pages\/4400\/revisions"}],"predecessor-version":[{"id":6697,"href":"https:\/\/ciesm.org\/marine\/programs\/skatesandrays\/wp-json\/wp\/v2\/pages\/4400\/revisions\/6697"}],"wp:attachment":[{"href":"https:\/\/ciesm.org\/marine\/programs\/skatesandrays\/wp-json\/wp\/v2\/media?parent=4400"}],"curies":[{"name":"wp","href":"https:\/\/api.w.org\/{rel}","templated":true}]}}