{"id":4630,"date":"2022-08-09T08:30:52","date_gmt":"2022-08-09T08:30:52","guid":{"rendered":"https:\/\/ciesm.org\/marine\/programs\/seabirds\/?page_id=4630"},"modified":"2022-10-10T12:17:56","modified_gmt":"2022-10-10T12:17:56","slug":"torpedo-sinuspersici","status":"publish","type":"page","link":"https:\/\/ciesm.org\/marine\/programs\/skatesandrays\/torpedo-sinuspersici\/","title":{"rendered":"Torpedo sinuspersici"},"content":{"rendered":"\n<div class=\"wp-block-jetpack-layout-grid alignfull column1-desktop-grid__span-4 column1-desktop-grid__start-3 column1-desktop-grid__row-1 column2-desktop-grid__span-4 column2-desktop-grid__start-7 column2-desktop-grid__row-1 column1-tablet-grid__span-4 column1-tablet-grid__row-1 column2-tablet-grid__span-4 column2-tablet-grid__start-5 column2-tablet-grid__row-1 column1-mobile-grid__span-4 column1-mobile-grid__row-1 column2-mobile-grid__span-4 column2-mobile-grid__row-2\">\n<div class=\"wp-block-jetpack-layout-grid-column wp-block-jetpack-layout-grid__padding-none is-vertically-aligned-center\">\n<h3 class=\"has-text-align-center has-foreground-color has-text-color\"><em>Torpedo sinuspersici<\/em><\/h3>\n\n\n\n<p class=\"has-text-align-center\"><em>Not yet settled in the Mediterranean Sea<\/em><\/p>\n<\/div>\n\n\n\n<div class=\"wp-block-jetpack-layout-grid-column wp-block-jetpack-layout-grid__padding-none\">\n<div class=\"wp-block-image\"><figure class=\"aligncenter size-large\"><img src=\"https:\/\/ciesm.org\/marine\/programs\/skatesandrays\/wp-content\/uploads\/2022\/09\/tsinuspersici_andymurch-e1663664153106.jpg\" alt=\"\"\/><figcaption>photo credit: Andy Murch<\/figcaption><\/figure><\/div>\n<\/div>\n<\/div>\n\n\n\n<div class=\"wp-block-jetpack-layout-grid alignfull column1-desktop-grid__span-8 column1-desktop-grid__start-3 column1-desktop-grid__row-1 column1-tablet-grid__span-8 column1-tablet-grid__row-1 column1-mobile-grid__span-4 column1-mobile-grid__row-1\">\n<div class=\"wp-block-jetpack-layout-grid-column wp-block-jetpack-layout-grid__padding-none\">\n<h4>Habitat and Ecology<\/h4>\n\n\n\n<p>Benthic species living on sandy bottom in nearshore waters down to 200 m deep.<\/p>\n\n\n\n<h4>Distribution<\/h4>\n\n\n\n<p><strong>Mediterranean record:<\/strong> First record from Syria in 2002 (lessepsian migration). Data needs to be clarified since it is difficult to distinguish from <em>Torpedo marmorata<\/em> (well established in the Mediterranean Sea).<\/p>\n\n\n\n<p><strong>Original distribution:<\/strong> Indian Ocean, from India to southern Africa, including Persian Gulf and Red Sea.<\/p>\n\n\n\n<h4 class=\"has-normal-font-size\">Key references<\/h4>\n\n\n\n<ul style=\"font-size:14px\"><li>Ali M.F. 2018. An updated Checklist of the Marine fishes from Syria with emphasis on alien species. <em>Mediterranean Marine Science<\/em> 19(2): 388\u2013393.&nbsp;<\/li><li>Saad A., Seret B., Ali M. 2004. Liste comment\u00e9e des Chondrichtyens de Syrie (M\u00e9diterran\u00e9e orientale).<em> CIESM Congress Proceedings <\/em>37: 430.<\/li><li>Serena F., Abella A. J., Bargnesi F., Barone M., Colloca F., Ferretti F., Fiorentino J, Jenrette J., Moro S. 2020. Species diversity, taxonomy and distribution of Chondrichthyes in the Mediterranean and Black Sea. <em>The European Zoological Journa<\/em>l 87(1): 497-536.<\/li><\/ul>\n\n\n\n<p style=\"font-size:14px\"><\/p>\n<\/div>\n<\/div>\n","protected":false},"excerpt":{"rendered":"<p>Torpedo sinuspersici Not yet settled in the Mediterranean Sea Habitat and Ecology Benthic species living on sandy bottom in nearshore waters down to 200 m deep. Distribution Mediterranean record: First record from Syria in 2002 (lessepsian migration). Data needs to be clarified since it is difficult to distinguish from Torpedo marmorata (well established in the<a class=\"more-link\" href=\"https:\/\/ciesm.org\/marine\/programs\/skatesandrays\/torpedo-sinuspersici\/\">Lire la suite <span class=\"screen-reader-text\">\u00ab\u00a0Torpedo sinuspersici\u00a0\u00bb<\/span><\/a><\/p>\n","protected":false},"author":1,"featured_media":0,"parent":0,"menu_order":0,"comment_status":"closed","ping_status":"closed","template":"","meta":[],"_links":{"self":[{"href":"https:\/\/ciesm.org\/marine\/programs\/skatesandrays\/wp-json\/wp\/v2\/pages\/4630"}],"collection":[{"href":"https:\/\/ciesm.org\/marine\/programs\/skatesandrays\/wp-json\/wp\/v2\/pages"}],"about":[{"href":"https:\/\/ciesm.org\/marine\/programs\/skatesandrays\/wp-json\/wp\/v2\/types\/page"}],"author":[{"embeddable":true,"href":"https:\/\/ciesm.org\/marine\/programs\/skatesandrays\/wp-json\/wp\/v2\/users\/1"}],"replies":[{"embeddable":true,"href":"https:\/\/ciesm.org\/marine\/programs\/skatesandrays\/wp-json\/wp\/v2\/comments?post=4630"}],"version-history":[{"count":5,"href":"https:\/\/ciesm.org\/marine\/programs\/skatesandrays\/wp-json\/wp\/v2\/pages\/4630\/revisions"}],"predecessor-version":[{"id":6644,"href":"https:\/\/ciesm.org\/marine\/programs\/skatesandrays\/wp-json\/wp\/v2\/pages\/4630\/revisions\/6644"}],"wp:attachment":[{"href":"https:\/\/ciesm.org\/marine\/programs\/skatesandrays\/wp-json\/wp\/v2\/media?parent=4630"}],"curies":[{"name":"wp","href":"https:\/\/api.w.org\/{rel}","templated":true}]}}